{"id":67,"date":"2019-04-16T11:26:11","date_gmt":"2019-04-16T11:26:11","guid":{"rendered":"http:\/\/aeternawellness.de\/?page_id=67"},"modified":"2022-01-15T13:14:21","modified_gmt":"2022-01-15T13:14:21","slug":"traditionelle-massagen","status":"publish","type":"page","link":"https:\/\/aeternawellness.de\/?page_id=67","title":{"rendered":"Traditionelle Massagen"},"content":{"rendered":"\n<p class=\"has-text-align-center\"><strong><em>Zu den traditionellen Massagetechniken in unserem Studio geh\u00f6ren:<\/em><\/strong><br>&#8211; klassische Massagen<br> -Kombimassagen (individuell abgestimmt)<br>&#8211; Ganzk\u00f6rpermassagen<br>&#8211; Schulter-Nacken-Massagen<br>&#8211; R\u00fcckenmassagen<br>&#8211; Sowie folgende Anwendungen:<\/p>\n\n\n\n<p class=\"has-text-align-center\"><strong><em>Teenager Gesichtsreinigungskurs<\/em><\/strong><br> Ein Kurs umfasst sieben Behandlungen. <br> Eine Laistmaske reinigt die Poren und befreit von Akne.<\/p>\n\n\n\n<p class=\"has-text-align-center\"><strong><em>Massage nach Dorn<\/em><\/strong><br> Diese Methode bewirkt \u00fcber die Entspannung der beteiligten Muskulatur eine Korrektur der Wirbels\u00e4ule in ihre Ideallage. Dadurch erreicht der Behandler die Aufhebung der Blockaden und Beckenschiefstand sowie die funktionelle Beinl\u00e4ngendifferenz.<\/p>\n\n\n\n<p class=\"has-text-align-center\"><strong><em>Massage nach Breuss<\/em><\/strong><br> Dies ist eine Energetische Massage zur Entspannung der Bandscheiben.<br> Faceliftingmassage \/ Gesichtsmassage<br> Sanftes Kneten, Zupfen, Kneifen, Dr\u00fccken und Streichen im Gesicht ist eine gute Alternative zur Sch\u00f6nheitschirurgie, denn diese Grifftechniken haben einen nat\u00fcrlichen Straffungseffekt. Und vor allem hat die Faceliftingmassage auch einen superwirksamen Entspannungseffekt.<\/p>\n\n\n\n<p class=\"has-text-align-center\"><strong><em>Viszerale  Osteopathie<\/em><\/strong><br> Beheben von Stoffwechselst\u00f6rungen, Behandlung und Heben des Beckenbodens, Heben der Nieren und Harnblase(rektal), Behandlung der Prostata(rektal), Stei\u00dfbeinkorrektur(rektal), Behandlung von H\u00e4morrhoiden(rektal), Korrektur der Geb\u00e4rmutter(rektal) und Eierst\u00f6cke.<\/p>\n\n\n\n<p class=\"has-text-align-center\"><br> <strong><em>Vitalogie-Atlas-Korrektur<\/em><\/strong> <br> Durch Traumata kann der Atlas aus seinen Aufnahmepunkten am hinteren Sch\u00e4del wandern. Dabei kann der Atlas etwas zur Seite wandern, leicht kippen und sich noch dabei verdrehen. In der Folge wird der Raum im Ring des Atlas f\u00fcr das R\u00fcckenmark kleiner und es kommt zu einem Dauerdruck auf das R\u00fcckenmark mit St\u00f6rungen im sympathischen Nervensystem, wodurch der Organismus auf Dauerh\u00f6chstleistung eingestellt wird. Der menschliche Organismus ger\u00e4t in eine erh\u00f6hte Erregbarkeit des Sympathikus, weswegen das vegetative Nervensystem auf Dauerh\u00f6chstleistung umschaltet und die einzelnen Organe entsprechend aktiviert oder sediert.<\/p>\n","protected":false},"excerpt":{"rendered":"<p>Zu den traditionellen Massagetechniken in unserem Studio geh\u00f6ren:&#8211; klassische Massagen -Kombimassagen (individuell abgestimmt)&#8211; Ganzk\u00f6rpermassagen&#8211; Schulter-Nacken-Massagen&#8211; R\u00fcckenmassagen&#8211; Sowie folgende Anwendungen: Teenager Gesichtsreinigungskurs Ein Kurs umfasst sieben Behandlungen. Eine Laistmaske reinigt die &hellip; <\/p>\n","protected":false},"author":1,"featured_media":23,"parent":0,"menu_order":0,"comment_status":"closed","ping_status":"closed","template":"","meta":{"footnotes":""},"class_list":["post-67","page","type-page","status-publish","has-post-thumbnail","hentry"],"_links":{"self":[{"href":"https:\/\/aeternawellness.de\/index.php?rest_route=\/wp\/v2\/pages\/67","targetHints":{"allow":["GET"]}}],"collection":[{"href":"https:\/\/aeternawellness.de\/index.php?rest_route=\/wp\/v2\/pages"}],"about":[{"href":"https:\/\/aeternawellness.de\/index.php?rest_route=\/wp\/v2\/types\/page"}],"author":[{"embeddable":true,"href":"https:\/\/aeternawellness.de\/index.php?rest_route=\/wp\/v2\/users\/1"}],"replies":[{"embeddable":true,"href":"https:\/\/aeternawellness.de\/index.php?rest_route=%2Fwp%2Fv2%2Fcomments&post=67"}],"version-history":[{"count":2,"href":"https:\/\/aeternawellness.de\/index.php?rest_route=\/wp\/v2\/pages\/67\/revisions"}],"predecessor-version":[{"id":150,"href":"https:\/\/aeternawellness.de\/index.php?rest_route=\/wp\/v2\/pages\/67\/revisions\/150"}],"wp:featuredmedia":[{"embeddable":true,"href":"https:\/\/aeternawellness.de\/index.php?rest_route=\/wp\/v2\/media\/23"}],"wp:attachment":[{"href":"https:\/\/aeternawellness.de\/index.php?rest_route=%2Fwp%2Fv2%2Fmedia&parent=67"}],"curies":[{"name":"wp","href":"https:\/\/api.w.org\/{rel}","templated":true}]}}