{"id":76,"date":"2019-04-16T11:48:38","date_gmt":"2019-04-16T11:48:38","guid":{"rendered":"http:\/\/aeternawellness.de\/?page_id=76"},"modified":"2024-09-07T09:53:16","modified_gmt":"2024-09-07T09:53:16","slug":"unsere-preise","status":"publish","type":"page","link":"https:\/\/aeternawellness.de\/?page_id=76","title":{"rendered":"Unsere Preise"},"content":{"rendered":"\n<p class=\"has-text-align-left\"><strong><em>Schwedische &#8211; Klassische Massage<\/em><\/strong><br> 30 min. &#8211; 50 \u20ac<strong><em><br><\/em><\/strong><br><\/p>\n\n\n\n<p><strong><em>Massage nach Dorn <\/em><\/strong><br> Korrektur der Wirbels\u00e4ule, Aufhebung des Beckenschiefstands und Beinl\u00e4ngendifferenz<br> 30 min. &#8211; 45 \u20ac<br><\/p>\n\n\n\n<p><strong><em>Schr\u00f6pfkopfmassage<\/em><\/strong><br> Verbesserung der \u00f6rtlichen Durchblutung, Bindegewebs- und Fettstoffwechsel werden stimuliert und beschleunigt<br> 30 min. &#8211; 45 \u20ac<br><\/p>\n\n\n\n<p><strong><em>R\u00fccken Massage<\/em><\/strong><br> Entspannung beanspruchter Muskeln im R\u00fcckenbereich<br> 30 min. &#8211; 40 \u20ac<br><\/p>\n\n\n\n<p><strong><em>Kombi &#8211; Massage<\/em><\/strong><br> 30 min. &#8211; 40 \u20ac<br> 45 min. &#8211; 55 \u20ac<br> 60 min. &#8211; 70 \u20ac<\/p>\n\n\n\n<p><strong><em>Massage nach Breu<\/em>ss<\/strong><br> Eine energetische Massage zur Entspannung der Bandscheiben<br> 30 min. &#8211; 45 \u20ac<br><\/p>\n\n\n\n<p><strong><em>Akupressur-Zonen-Massage <\/em><\/strong><br> Akupressur reagiert h\u00e4ufig schnell auf schmerzhafte Verspannungen<br> 30 min. &#8211; 45 \u20ac<br><\/p>\n\n\n\n<p><strong><em>Facelifting-\/ Gesichtsmassage<\/em><\/strong><br> Eine gute Alternative zur Sch\u00f6nheitschirurgie, diese Grifftechniken haben einen nat\u00fcrlichen Straffungseffekt<br> 30 min. &#8211; 40 \u20ac , 45min. &#8211; 55 \u20ac<\/p>\n\n\n\n<p><br> <\/p>\n\n\n\n<p><strong><em>Viszerale  Osteopathie<\/em><\/strong><br> 60 min. \u2013 90 \u20ac<br><\/p>\n\n\n\n<p><strong><em>Vitalogie-Atlas-Korrektur <\/em><\/strong><br> <br> 120min. &#8211; 200 \u20ac<br><\/p>\n\n\n\n<p><strong><em>Kosmetische Pulsation<\/em><\/strong><br> Straffung und Durchblutung des Gewebes, l\u00f6st Fettp\u00f6lsterchen.<br> 30 min. &#8211; 45 \u20ac<br><\/p>\n\n\n\n<p><strong><em>Tuina Massage<\/em><\/strong><br> Uralte Massagetechnik, die besonders bei chronischen Beschwerden wirksam ist.<br> 30 min. &#8211; 45 \u20ac<br><\/p>\n\n\n\n<p><strong><em>Ganzk\u00f6rpermassage<\/em><\/strong><br> 45 min. &#8211; 60 \u20ac<br> 60 min. &#8211; 75 \u20ac<br><\/p>\n\n\n\n<p><\/p>\n\n\n\n<p><strong><em>Fu\u00df-Reflex-Zonen Massage<\/em><\/strong><br> Mit Akupressur erzielt man eine beruhigende, anregende oder entspannende Wirkung im K\u00f6rper.<br> 45 min. &#8211; 55 \u20ac<br> 60 min. &#8211; 75 \u20ac<br><\/p>\n\n\n\n<p><strong><em>Ohrkerzenbehandlung<\/em><\/strong><br> Ganzheitliche positive Wirkung auf den gesamten K\u00f6rper. Die Ohr- und Gesichtsmassage unterst\u00fctzt erheblich die Wirkung der Ohrenkerzenbehandlung.<br> 60 min. &#8211; 75 \u20ac<br><\/p>\n\n\n\n<p><strong><em>K\u00f6rperkerzenbehandlung<\/em><\/strong><br> Hat eine reinigende und blockadenl\u00f6sende Wirkung auf K\u00f6rper, Aura und Chakren mit dem Ergebnis einer harmonischen Energiebalance auf allen Ebenen.<br> 60 min. &#8211; 75 \u20ac<br><\/p>\n\n\n\n<p><strong><em>Kosmetische Ganzk\u00f6rpermassage<\/em><\/strong><br> K\u00f6rperpeeling mit Meersalz und spezielles K\u00f6rper\u00f6l sorgen bei der richtigen Technik f\u00fcr die Anregung des Fettstoffwechsels und des Lymphflusses. Hat auch eine starke Wirkung gegen Cellulite.<br> 60 min. &#8211; 90 \u20ac<\/p>\n\n\n\n<p><strong><em>Hot Stone Massage<\/em><\/strong><br> \u00dcber die Stimulation bestimmter Punkte mit der Massage wird, \u00e4hnlich wie bei der Akupunktur, der Energiefluss im K\u00f6rper angeregt<br> 80 min. &#8211; 100 \u20ac<br> <\/p>\n\n\n\n<p><strong><em>Ayurveda Massage<\/em><\/strong><br> Regenerationsprogramm um das Gleichgewicht der Kr\u00e4fte wieder herzustellen. Diese Massage regt die Entgiftung, Zellerneuerung und Heilung an<br> 80 min. &#8211; 110 \u20ac<br><\/p>\n\n\n\n<p><strong><em>Arkaya Deepa Massage<\/em><\/strong><br> Die \u201eSchwester\u201c von Ayurveda. \u00c4hnlich wie bei Ayurveda plus ein Peeling aus Mandel-Kleie<br> 90 min. &#8211; 120 \u20ac<br> <\/p>\n\n\n\n<p><strong><em>Raindrop Technik<\/em><\/strong><br> Hocheffiziente Methode um den Geist und K\u00f6rper zu harmonisieren und regenerieren.<br> 75 min. &#8211; 90 \u20ac<br><strong><em> <\/em><\/strong><\/p>\n\n\n\n<p><strong><em>Sportmassage<\/em><\/strong><br> Geht auf die Bed\u00fcrfnisse des Sportlers sowie die speziellen Probleme beim Sport ein.<br> 60 min. &#8211; 85 \u20ac<\/p>\n","protected":false},"excerpt":{"rendered":"<p>Schwedische &#8211; Klassische Massage 30 min. &#8211; 50 \u20ac Massage nach Dorn Korrektur der Wirbels\u00e4ule, Aufhebung des Beckenschiefstands und Beinl\u00e4ngendifferenz 30 min. &#8211; 45 \u20ac Schr\u00f6pfkopfmassage Verbesserung der \u00f6rtlichen Durchblutung, &hellip; <\/p>\n","protected":false},"author":1,"featured_media":105,"parent":0,"menu_order":0,"comment_status":"closed","ping_status":"closed","template":"","meta":{"footnotes":""},"class_list":["post-76","page","type-page","status-publish","has-post-thumbnail","hentry"],"_links":{"self":[{"href":"https:\/\/aeternawellness.de\/index.php?rest_route=\/wp\/v2\/pages\/76","targetHints":{"allow":["GET"]}}],"collection":[{"href":"https:\/\/aeternawellness.de\/index.php?rest_route=\/wp\/v2\/pages"}],"about":[{"href":"https:\/\/aeternawellness.de\/index.php?rest_route=\/wp\/v2\/types\/page"}],"author":[{"embeddable":true,"href":"https:\/\/aeternawellness.de\/index.php?rest_route=\/wp\/v2\/users\/1"}],"replies":[{"embeddable":true,"href":"https:\/\/aeternawellness.de\/index.php?rest_route=%2Fwp%2Fv2%2Fcomments&post=76"}],"version-history":[{"count":10,"href":"https:\/\/aeternawellness.de\/index.php?rest_route=\/wp\/v2\/pages\/76\/revisions"}],"predecessor-version":[{"id":182,"href":"https:\/\/aeternawellness.de\/index.php?rest_route=\/wp\/v2\/pages\/76\/revisions\/182"}],"wp:featuredmedia":[{"embeddable":true,"href":"https:\/\/aeternawellness.de\/index.php?rest_route=\/wp\/v2\/media\/105"}],"wp:attachment":[{"href":"https:\/\/aeternawellness.de\/index.php?rest_route=%2Fwp%2Fv2%2Fmedia&parent=76"}],"curies":[{"name":"wp","href":"https:\/\/api.w.org\/{rel}","templated":true}]}}